{"id":62,"date":"2017-05-20T10:12:43","date_gmt":"2017-05-20T10:12:43","guid":{"rendered":"https:\/\/cime.math.cnrs.fr\/?page_id=62"},"modified":"2017-06-20T09:34:12","modified_gmt":"2017-06-20T09:34:12","slug":"objectifs","status":"publish","type":"page","link":"https:\/\/cime.math.cnrs.fr\/index.php\/objectifs\/","title":{"rendered":"Les objectifs de CIME"},"content":{"rendered":"<p><img loading=\"lazy\" decoding=\"async\" class=\"alignnone  wp-image-301 aligncenter\" src=\"https:\/\/cime.math.cnrs.fr\/wp-content\/uploads\/2017\/05\/CIME_h300-2-300x165.png\" alt=\"\" width=\"149\" height=\"82\" srcset=\"https:\/\/cime.math.cnrs.fr\/wp-content\/uploads\/2017\/05\/CIME_h300-2-300x165.png 300w, https:\/\/cime.math.cnrs.fr\/wp-content\/uploads\/2017\/05\/CIME_h300-2.png 547w\" sizes=\"auto, (max-width: 149px) 100vw, 149px\" \/><\/p>\n<p><strong>CIME<\/strong> a pour objectif mener des partenariats avec des entreprises dans des domaines divers n\u00e9cessitant des comp\u00e9tences dans de multiples champs : mod\u00e9lisation, calcul scientifique, analyse num\u00e9rique, statistique, probabilit\u00e9s, analyse des donn\u00e9es,&#8230;<\/p>\n<p>Ces collaborations permettent aux entreprises de lever des verrous technologiques pour gagner en innovation et en comp\u00e9titivit\u00e9. Elles permettent \u00e9galement aux laboratoires de travailler sur des probl\u00e8mes fondamentaux en interaction avec le monde socio-professionnel. Elles prennent diff\u00e9rentes formes et s&#8217;adressent \u00e0 tous les types et tailles d&#8217;entreprises, de la petite PME au grand groupe. Elles peuvent\u00a0 ainsi se concr\u00e9tiser par :<\/p>\n<ul>\n<li>Des stages d&#8217;\u00e9tudiants de niveau Master 1 ou Master 2 (Master Ing\u00e9nierie Statistique et Num\u00e9rique; Master Calcul Haute Performance\/Simulation; Master Math\u00e9matiques et Finance, Master Recherche en Math\u00e9matiques&#8230;),<\/li>\n<li>Des contrats de recherche, de quelques mois \u00e0 plusieurs ann\u00e9es,<\/li>\n<li>Des th\u00e8ses en entreprise (sous convention CIFRE par exemple mais non exclusivement).<\/li>\n<\/ul>\n<p>Ces partenariats peuvent \u00eatre soutenus par des aides financi\u00e8res, accord\u00e9es par exemple par l&#8217;<a href=\"http:\/\/www.agence-maths-entreprises.fr\/a\/\" target=\"_blank\" rel=\"noopener noreferrer\">Agence pour les Math\u00e9matiques en Interaction avec l&#8217;Entreprise et la Soci\u00e9t\u00e9 (AMIES)<\/a>, le <a href=\"http:\/\/math.univ-lille1.fr\/~cempi\/\" target=\"_blank\" rel=\"noopener noreferrer\">Centre Europ\u00e9en pour les Math\u00e9matiques, la Physique ou leurs Interactions (CEMPI)<\/a>\u00a0ou, pour une th\u00e8se,\u00a0 par des co-financement \u00e9manant de la r\u00e9gion ou du minist\u00e8re de l&#8217;enseignement sup\u00e9rieur et de la recherche via l&#8217;<a href=\"http:\/\/www.anrt.asso.fr\/\" target=\"_blank\" rel=\"noopener noreferrer\">Association Nationale de la Recherche et de la Technologie (ANRT)<\/a>.<\/p>\n<p><img loading=\"lazy\" decoding=\"async\" class=\"alignnone wp-image-299 aligncenter\" src=\"https:\/\/cime.math.cnrs.fr\/wp-content\/uploads\/2017\/05\/Logos-AMIES-CEMPI-ANRT-1-300x42.png\" alt=\"\" width=\"477\" height=\"67\" srcset=\"https:\/\/cime.math.cnrs.fr\/wp-content\/uploads\/2017\/05\/Logos-AMIES-CEMPI-ANRT-1-300x42.png 300w, https:\/\/cime.math.cnrs.fr\/wp-content\/uploads\/2017\/05\/Logos-AMIES-CEMPI-ANRT-1-768x108.png 768w, https:\/\/cime.math.cnrs.fr\/wp-content\/uploads\/2017\/05\/Logos-AMIES-CEMPI-ANRT-1-1024x143.png 1024w, https:\/\/cime.math.cnrs.fr\/wp-content\/uploads\/2017\/05\/Logos-AMIES-CEMPI-ANRT-1.png 1614w\" sizes=\"auto, (max-width: 477px) 100vw, 477px\" \/><\/p>\n","protected":false},"excerpt":{"rendered":"<p>CIME a pour objectif mener des partenariats avec des entreprises dans des domaines divers n\u00e9cessitant des comp\u00e9tences dans de multiples champs : mod\u00e9lisation, calcul scientifique, analyse num\u00e9rique, statistique, probabilit\u00e9s, analyse des donn\u00e9es,&#8230; Ces collaborations permettent aux entreprises de lever des verrous technologiques pour gagner en innovation et en comp\u00e9titivit\u00e9. Elles permettent \u00e9galement aux laboratoires de &hellip; <a href=\"https:\/\/cime.math.cnrs.fr\/index.php\/objectifs\/\" class=\"more-link\">Continue reading <span class=\"screen-reader-text\">Les objectifs de CIME<\/span><\/a><\/p>\n","protected":false},"author":1,"featured_media":0,"parent":0,"menu_order":0,"comment_status":"closed","ping_status":"closed","template":"","meta":{"footnotes":""},"class_list":["post-62","page","type-page","status-publish","hentry"],"_links":{"self":[{"href":"https:\/\/cime.math.cnrs.fr\/index.php\/wp-json\/wp\/v2\/pages\/62","targetHints":{"allow":["GET"]}}],"collection":[{"href":"https:\/\/cime.math.cnrs.fr\/index.php\/wp-json\/wp\/v2\/pages"}],"about":[{"href":"https:\/\/cime.math.cnrs.fr\/index.php\/wp-json\/wp\/v2\/types\/page"}],"author":[{"embeddable":true,"href":"https:\/\/cime.math.cnrs.fr\/index.php\/wp-json\/wp\/v2\/users\/1"}],"replies":[{"embeddable":true,"href":"https:\/\/cime.math.cnrs.fr\/index.php\/wp-json\/wp\/v2\/comments?post=62"}],"version-history":[{"count":14,"href":"https:\/\/cime.math.cnrs.fr\/index.php\/wp-json\/wp\/v2\/pages\/62\/revisions"}],"predecessor-version":[{"id":302,"href":"https:\/\/cime.math.cnrs.fr\/index.php\/wp-json\/wp\/v2\/pages\/62\/revisions\/302"}],"wp:attachment":[{"href":"https:\/\/cime.math.cnrs.fr\/index.php\/wp-json\/wp\/v2\/media?parent=62"}],"curies":[{"name":"wp","href":"https:\/\/api.w.org\/{rel}","templated":true}]}}