{"id":337,"date":"2019-02-27T16:51:40","date_gmt":"2019-02-27T16:51:40","guid":{"rendered":"https:\/\/cime.math.cnrs.fr\/?page_id=337"},"modified":"2019-02-27T16:51:40","modified_gmt":"2019-02-27T16:51:40","slug":"alstom-i","status":"publish","type":"page","link":"https:\/\/cime.math.cnrs.fr\/index.php\/alstom-i\/","title":{"rendered":"Alstom I"},"content":{"rendered":"<h4 style=\"text-align: center;\"><strong>Classification de donn\u00e9es fonctionnelles<\/strong><br \/>\n<strong> Application \u00e0 la d\u00e9tection de dysfonctionnements<\/strong><\/h4>\n<h4 style=\"text-align: center;\"><strong><img loading=\"lazy\" decoding=\"async\" class=\"alignnone wp-image-349\" src=\"https:\/\/cime.math.cnrs.fr\/wp-content\/uploads\/2019\/02\/Logos-Painleve-INRIA-Alstom-300x39.png\" alt=\"\" width=\"362\" height=\"47\" srcset=\"https:\/\/cime.math.cnrs.fr\/wp-content\/uploads\/2019\/02\/Logos-Painleve-INRIA-Alstom-300x39.png 300w, https:\/\/cime.math.cnrs.fr\/wp-content\/uploads\/2019\/02\/Logos-Painleve-INRIA-Alstom.png 761w\" sizes=\"auto, (max-width: 362px) 100vw, 362px\" \/><br \/>\n<\/strong><\/h4>\n<p style=\"text-align: center;\"><em>Collaboration avec Alstom, Saint Ouen<\/em><\/p>\n<h4 style=\"text-align: left;\">Le projet<\/h4>\n<p>Dans l&#8217;industrie, l&#8217;utilisation de capteurs pour surveiller la sant\u00e9 des \u00e9quipements est de plus en plus fr\u00e9quente. Ces capteurs enregistrent des informations en temps continu (comme la consommation \u00e9lectrique). Les donn\u00e9es obtenues sont alors des courbes index\u00e9es par le temps que l&#8217;on appelle fonctionnelles. De telles donn\u00e9es sont complexes \u00e0 utiliser telles quelles dans les proc\u00e9dures standards d\u2019analyses. La soci\u00e9t\u00e9 Alstom dispose aujourd\u2019hui de tels capteurs sur les aiguillages ferroviaires dans le but de d\u00e9tecter et diagnostiquer les dysfonctionnements d&#8217;aiguillages. La 1\u00e8re approche d\u2019Alstom a \u00e9t\u00e9 d&#8217;extraire des descripteurs de ces donn\u00e9es fonctionnelles et ensuite d\u2019appliquer des m\u00e9thodes de classification sur celles-ci. L&#8217;extraction de descripteurs (par des experts m\u00e9tiers) induit cependant un perte d&#8217;information et un biais m\u00e9tier. Alstom souhaitait alors travailler directement sur les donn\u00e9es fonctionnelles brutes tout en gardant une facilit\u00e9 d&#8217;interpr\u00e9tabilit\u00e9. Le contrat de recherche vise donc cet objectif.<\/p>\n<p>Ce probl\u00e8me a \u00e9t\u00e9 abord\u00e9 du point de vue de la classification gr\u00e2ce au logiciel MixtComp issu des recherches du laboratoire Paul Painlev\u00e9 et d&#8217;Inria permettant de classer des man\u0153uvres d&#8217;aiguillages d\u00e9finies par une variable fonctionnelle ainsi que des variables d&#8217;autres types. Le logiciel permet en effet une utilisation des donn\u00e9es fonctionnelles sans pr\u00e9traitement ainsi que l&#8217;utilisation simultan\u00e9e d&#8217;autres variables de types diff\u00e9rents.<\/p>\n<p>Les r\u00e9sultats obtenus ont permis de confirmer la pertinence de la technologie pour r\u00e9aliser ces t\u00e2ches de d\u00e9tection et de diagnostic en s&#8217;appuyant sur l&#8217;analyse de la consommation \u00e9lectrique du moteur actionnant l&#8217;aiguillage. L&#8217;analyse a montr\u00e9 une augmentation de la qualit\u00e9 pr\u00e9dictive du mod\u00e8le en passant d&#8217;une approche bas\u00e9e sur des descripteurs \u00e0 une m\u00e9thode bas\u00e9e sur des donn\u00e9es fonctionnelles brutes.<\/p>\n<p><img loading=\"lazy\" decoding=\"async\" class=\" wp-image-346 aligncenter\" src=\"https:\/\/cime.math.cnrs.fr\/wp-content\/uploads\/2019\/02\/alstom1-300x97.png\" alt=\"\" width=\"467\" height=\"151\" srcset=\"https:\/\/cime.math.cnrs.fr\/wp-content\/uploads\/2019\/02\/alstom1-300x97.png 300w, https:\/\/cime.math.cnrs.fr\/wp-content\/uploads\/2019\/02\/alstom1-768x249.png 768w, https:\/\/cime.math.cnrs.fr\/wp-content\/uploads\/2019\/02\/alstom1-1024x332.png 1024w, https:\/\/cime.math.cnrs.fr\/wp-content\/uploads\/2019\/02\/alstom1.png 1235w\" sizes=\"auto, (max-width: 467px) 100vw, 467px\" \/><\/p>\n<h4>Package\/logiciel<\/h4>\n<p>Le logiciel MixtComp est disponible en ligne sur <a href=\"https:\/\/massiccc.lille.inria.fr\/\">MASSICCC<\/a> (mode SaaS).<\/p>\n<p>Une d\u00e9monstration de l&#8217;analyse est disponible <a href=\"http:\/\/modal-demo.lille.inria.fr:3838\/smartDataApp\/\">ici<\/a> (onglet Alstom).<\/p>\n<h4><strong>Contact<\/strong><\/h4>\n<p>Christophe Biernacki : <a href=\"mailto:christophe.biernacki@math.univ-lille1.fr\">christophe.biernacki[AT]math.univ-lille1.fr<\/a><\/p>\n","protected":false},"excerpt":{"rendered":"<p>Classification de donn\u00e9es fonctionnelles Application \u00e0 la d\u00e9tection de dysfonctionnements Collaboration avec Alstom, Saint Ouen Le projet Dans l&#8217;industrie, l&#8217;utilisation de capteurs pour surveiller la sant\u00e9 des \u00e9quipements est de plus en plus fr\u00e9quente. Ces capteurs enregistrent des informations en temps continu (comme la consommation \u00e9lectrique). Les donn\u00e9es obtenues sont alors des courbes index\u00e9es par &hellip; <a href=\"https:\/\/cime.math.cnrs.fr\/index.php\/alstom-i\/\" class=\"more-link\">Continue reading <span class=\"screen-reader-text\">Alstom I<\/span><\/a><\/p>\n","protected":false},"author":1,"featured_media":0,"parent":0,"menu_order":0,"comment_status":"closed","ping_status":"closed","template":"","meta":{"footnotes":""},"class_list":["post-337","page","type-page","status-publish","hentry"],"_links":{"self":[{"href":"https:\/\/cime.math.cnrs.fr\/index.php\/wp-json\/wp\/v2\/pages\/337","targetHints":{"allow":["GET"]}}],"collection":[{"href":"https:\/\/cime.math.cnrs.fr\/index.php\/wp-json\/wp\/v2\/pages"}],"about":[{"href":"https:\/\/cime.math.cnrs.fr\/index.php\/wp-json\/wp\/v2\/types\/page"}],"author":[{"embeddable":true,"href":"https:\/\/cime.math.cnrs.fr\/index.php\/wp-json\/wp\/v2\/users\/1"}],"replies":[{"embeddable":true,"href":"https:\/\/cime.math.cnrs.fr\/index.php\/wp-json\/wp\/v2\/comments?post=337"}],"version-history":[{"count":5,"href":"https:\/\/cime.math.cnrs.fr\/index.php\/wp-json\/wp\/v2\/pages\/337\/revisions"}],"predecessor-version":[{"id":351,"href":"https:\/\/cime.math.cnrs.fr\/index.php\/wp-json\/wp\/v2\/pages\/337\/revisions\/351"}],"wp:attachment":[{"href":"https:\/\/cime.math.cnrs.fr\/index.php\/wp-json\/wp\/v2\/media?parent=337"}],"curies":[{"name":"wp","href":"https:\/\/api.w.org\/{rel}","templated":true}]}}