{"id":326,"date":"2019-02-04T21:35:32","date_gmt":"2019-02-04T21:35:32","guid":{"rendered":"https:\/\/cime.math.cnrs.fr\/?page_id=326"},"modified":"2019-02-04T21:35:32","modified_gmt":"2019-02-04T21:35:32","slug":"hnl","status":"publish","type":"page","link":"https:\/\/cime.math.cnrs.fr\/index.php\/hnl\/","title":{"rendered":"HNL"},"content":{"rendered":"<h4 style=\"text-align: center;\"><strong>Pr\u00e9diction d&#8217;\u00e9motions par deep learning<br \/>\n<\/strong><\/h4>\n<p style=\"text-align: center;\"><em>Collaboration avec la soci\u00e9t\u00e9 HNL, Lille<\/em><\/p>\n<p><img loading=\"lazy\" decoding=\"async\" class=\"size-medium wp-image-329 aligncenter\" src=\"https:\/\/cime.math.cnrs.fr\/wp-content\/uploads\/2019\/02\/logo-lml-hnl-300x109.jpg\" alt=\"\" width=\"300\" height=\"109\" srcset=\"https:\/\/cime.math.cnrs.fr\/wp-content\/uploads\/2019\/02\/logo-lml-hnl-300x109.jpg 300w, https:\/\/cime.math.cnrs.fr\/wp-content\/uploads\/2019\/02\/logo-lml-hnl.jpg 363w\" sizes=\"auto, (max-width: 300px) 100vw, 300px\" \/><\/p>\n<h4>Le projet<\/h4>\n<p>L&#8217;objectif de cette collaboration est de d\u00e9velopper des algorithmes permettant de pr\u00e9dire l&#8217;intensit\u00e9 et le type d&#8217;\u00e9motions ressenties par un sujet \u00e0 partir d&#8217;une vid\u00e9o de la personne, au travers de sa pulsation cardiaque. Les outils principaux d&#8217;analyse sont les r\u00e9seaux de neurones profonds en g\u00e9n\u00e9ral et les architectures GAN (Generatives Adversarial Networks) en particulier.<\/p>\n<h4>Contact<\/h4>\n<p>Ya\u00ebl Fr\u00e9gier : <em>yael<a href=\"mailto:christophe.biernacki@math.univ-lille1.fr\">.fregier[AT]univ-artois.fr<\/a><\/em><\/p>\n","protected":false},"excerpt":{"rendered":"<p>Pr\u00e9diction d&#8217;\u00e9motions par deep learning Collaboration avec la soci\u00e9t\u00e9 HNL, Lille Le projet L&#8217;objectif de cette collaboration est de d\u00e9velopper des algorithmes permettant de pr\u00e9dire l&#8217;intensit\u00e9 et le type d&#8217;\u00e9motions ressenties par un sujet \u00e0 partir d&#8217;une vid\u00e9o de la personne, au travers de sa pulsation cardiaque. Les outils principaux d&#8217;analyse sont les r\u00e9seaux de &hellip; <a href=\"https:\/\/cime.math.cnrs.fr\/index.php\/hnl\/\" class=\"more-link\">Continue reading <span class=\"screen-reader-text\">HNL<\/span><\/a><\/p>\n","protected":false},"author":1,"featured_media":0,"parent":0,"menu_order":0,"comment_status":"closed","ping_status":"closed","template":"","meta":{"footnotes":""},"class_list":["post-326","page","type-page","status-publish","hentry"],"_links":{"self":[{"href":"https:\/\/cime.math.cnrs.fr\/index.php\/wp-json\/wp\/v2\/pages\/326","targetHints":{"allow":["GET"]}}],"collection":[{"href":"https:\/\/cime.math.cnrs.fr\/index.php\/wp-json\/wp\/v2\/pages"}],"about":[{"href":"https:\/\/cime.math.cnrs.fr\/index.php\/wp-json\/wp\/v2\/types\/page"}],"author":[{"embeddable":true,"href":"https:\/\/cime.math.cnrs.fr\/index.php\/wp-json\/wp\/v2\/users\/1"}],"replies":[{"embeddable":true,"href":"https:\/\/cime.math.cnrs.fr\/index.php\/wp-json\/wp\/v2\/comments?post=326"}],"version-history":[{"count":1,"href":"https:\/\/cime.math.cnrs.fr\/index.php\/wp-json\/wp\/v2\/pages\/326\/revisions"}],"predecessor-version":[{"id":330,"href":"https:\/\/cime.math.cnrs.fr\/index.php\/wp-json\/wp\/v2\/pages\/326\/revisions\/330"}],"wp:attachment":[{"href":"https:\/\/cime.math.cnrs.fr\/index.php\/wp-json\/wp\/v2\/media?parent=326"}],"curies":[{"name":"wp","href":"https:\/\/api.w.org\/{rel}","templated":true}]}}