{"id":317,"date":"2019-02-04T21:09:43","date_gmt":"2019-02-04T21:09:43","guid":{"rendered":"https:\/\/cime.math.cnrs.fr\/?page_id=317"},"modified":"2019-02-05T08:31:23","modified_gmt":"2019-02-05T08:31:23","slug":"chickenpods","status":"publish","type":"page","link":"https:\/\/cime.math.cnrs.fr\/index.php\/chickenpods\/","title":{"rendered":"ChickenPods"},"content":{"rendered":"<h4 style=\"text-align: center;\"><strong>R\u00e9alisation du jeu ChickenPods<\/strong><\/h4>\n<p><img loading=\"lazy\" decoding=\"async\" class=\"wp-image-314 aligncenter\" src=\"https:\/\/cime.math.cnrs.fr\/wp-content\/uploads\/2019\/02\/logo-painleve-300x122.jpg\" alt=\"\" width=\"190\" height=\"77\" srcset=\"https:\/\/cime.math.cnrs.fr\/wp-content\/uploads\/2019\/02\/logo-painleve-300x122.jpg 300w, https:\/\/cime.math.cnrs.fr\/wp-content\/uploads\/2019\/02\/logo-painleve.jpg 766w\" sizes=\"auto, (max-width: 190px) 100vw, 190px\" \/><\/p>\n<h4>Le projet<\/h4>\n<p>Dans le cadre du d\u00e9veloppement d&#8217;une start&#8217;up, le laboratoire Painlev\u00e9 a contribu\u00e9 \u00e0 d\u00e9velopper un jeu vid\u00e9o multi-joueurs en ligne nomm\u00e9 ChickenPods. Dans ce jeu, chaque joueur dispose d&#8217;une population de poules qu&#8217;il doit aider \u00e0 prosp\u00e9rer en en modifiant l&#8217;environnement. Ces modifications permettent \u00e9galement d&#8217;entraver les poules de l&#8217;adversaire. L&#8217;apport du laboratoire a \u00e9t\u00e9 de cr\u00e9er un environnement al\u00e9atoire \u00e0 base de kDDPs et de doter les poules d&#8217;une intelligence artificielle.<\/p>\n<p><img loading=\"lazy\" decoding=\"async\" class=\"alignnone wp-image-320 aligncenter\" src=\"https:\/\/cime.math.cnrs.fr\/wp-content\/uploads\/2019\/02\/ChickenPods-300x142.jpg\" alt=\"\" width=\"426\" height=\"202\" srcset=\"https:\/\/cime.math.cnrs.fr\/wp-content\/uploads\/2019\/02\/ChickenPods-300x142.jpg 300w, https:\/\/cime.math.cnrs.fr\/wp-content\/uploads\/2019\/02\/ChickenPods-768x364.jpg 768w, https:\/\/cime.math.cnrs.fr\/wp-content\/uploads\/2019\/02\/ChickenPods-1024x485.jpg 1024w, https:\/\/cime.math.cnrs.fr\/wp-content\/uploads\/2019\/02\/ChickenPods.jpg 1901w\" sizes=\"auto, (max-width: 426px) 100vw, 426px\" \/><\/p>\n<h4>Package\/logiciel<\/h4>\n<p>Le jeu est visible \u00e0 l&#8217;adresse suivante : <a href=\"https:\/\/automathon.univ-lille.fr\/\">ChickenPods<\/a><\/p>\n<h4>Contact<\/h4>\n<p>Nicolas Wicker : <em>nicolas<a href=\"mailto:christophe.biernacki@math.univ-lille1.fr\">.wicker[AT]univ-lille.fr<\/a><\/em><\/p>\n","protected":false},"excerpt":{"rendered":"<p>R\u00e9alisation du jeu ChickenPods Le projet Dans le cadre du d\u00e9veloppement d&#8217;une start&#8217;up, le laboratoire Painlev\u00e9 a contribu\u00e9 \u00e0 d\u00e9velopper un jeu vid\u00e9o multi-joueurs en ligne nomm\u00e9 ChickenPods. Dans ce jeu, chaque joueur dispose d&#8217;une population de poules qu&#8217;il doit aider \u00e0 prosp\u00e9rer en en modifiant l&#8217;environnement. Ces modifications permettent \u00e9galement d&#8217;entraver les poules de &hellip; <a href=\"https:\/\/cime.math.cnrs.fr\/index.php\/chickenpods\/\" class=\"more-link\">Continue reading <span class=\"screen-reader-text\">ChickenPods<\/span><\/a><\/p>\n","protected":false},"author":1,"featured_media":0,"parent":0,"menu_order":0,"comment_status":"closed","ping_status":"closed","template":"","meta":{"footnotes":""},"class_list":["post-317","page","type-page","status-publish","hentry"],"_links":{"self":[{"href":"https:\/\/cime.math.cnrs.fr\/index.php\/wp-json\/wp\/v2\/pages\/317","targetHints":{"allow":["GET"]}}],"collection":[{"href":"https:\/\/cime.math.cnrs.fr\/index.php\/wp-json\/wp\/v2\/pages"}],"about":[{"href":"https:\/\/cime.math.cnrs.fr\/index.php\/wp-json\/wp\/v2\/types\/page"}],"author":[{"embeddable":true,"href":"https:\/\/cime.math.cnrs.fr\/index.php\/wp-json\/wp\/v2\/users\/1"}],"replies":[{"embeddable":true,"href":"https:\/\/cime.math.cnrs.fr\/index.php\/wp-json\/wp\/v2\/comments?post=317"}],"version-history":[{"count":4,"href":"https:\/\/cime.math.cnrs.fr\/index.php\/wp-json\/wp\/v2\/pages\/317\/revisions"}],"predecessor-version":[{"id":334,"href":"https:\/\/cime.math.cnrs.fr\/index.php\/wp-json\/wp\/v2\/pages\/317\/revisions\/334"}],"wp:attachment":[{"href":"https:\/\/cime.math.cnrs.fr\/index.php\/wp-json\/wp\/v2\/media?parent=317"}],"curies":[{"name":"wp","href":"https:\/\/api.w.org\/{rel}","templated":true}]}}