{"id":245,"date":"2017-05-20T19:09:25","date_gmt":"2017-05-20T19:09:25","guid":{"rendered":"https:\/\/cime.math.cnrs.fr\/?page_id=245"},"modified":"2017-05-20T19:14:30","modified_gmt":"2017-05-20T19:14:30","slug":"cylande-rouge-gorge","status":"publish","type":"page","link":"https:\/\/cime.math.cnrs.fr\/index.php\/cylande-rouge-gorge\/","title":{"rendered":"Cylande &#8211; Rouge Gorge"},"content":{"rendered":"<h4 style=\"text-align: center;\"><strong>Classification de donn\u00e9es complexes<\/strong><br \/>\n<strong> Application \u00e0 des pr\u00e9visions de ventes<\/strong><\/h4>\n<p><img loading=\"lazy\" decoding=\"async\" class=\"wp-image-249 aligncenter\" src=\"https:\/\/cime.math.cnrs.fr\/wp-content\/uploads\/2017\/05\/Logos-Painleve-Cylande-RougeGorge-300x58.png\" alt=\"\" width=\"497\" height=\"96\" srcset=\"https:\/\/cime.math.cnrs.fr\/wp-content\/uploads\/2017\/05\/Logos-Painleve-Cylande-RougeGorge-300x58.png 300w, https:\/\/cime.math.cnrs.fr\/wp-content\/uploads\/2017\/05\/Logos-Painleve-Cylande-RougeGorge-768x150.png 768w, https:\/\/cime.math.cnrs.fr\/wp-content\/uploads\/2017\/05\/Logos-Painleve-Cylande-RougeGorge-1024x200.png 1024w, https:\/\/cime.math.cnrs.fr\/wp-content\/uploads\/2017\/05\/Logos-Painleve-Cylande-RougeGorge.png 1642w\" sizes=\"auto, (max-width: 497px) 100vw, 497px\" \/><\/p>\n<p style=\"text-align: center;\"><em>Collaboration avec<\/em><br \/>\n<em> Cylande, Roubaix<\/em><br \/>\n<em> Rouge Gorge, Neuville en Ferrain<\/em><\/p>\n<h4>Le projet<\/h4>\n<p>La probl\u00e9matique des pr\u00e9visions de ventes est r\u00e9currente dans le secteur du commerce. Il existe aujourd&#8217;hui de gros volumes de donn\u00e9es archivant les historiques de vente m\u00e9langeant des descripteurs de nature complexe : indexation temporelle, descripteurs mixtes qualitatifs\/quantitatifs, etc. La difficult\u00e9 est de d\u00e9finir des mod\u00e8les de pr\u00e9vision qui prennent en consid\u00e9ration toutes ces caract\u00e9ristiques simultan\u00e9ment.<\/p>\n<p>Les m\u00e9thodes de classification apportent une solution g\u00e9n\u00e9rique en constituant au pr\u00e9lable des cat\u00e9gories de produits et\/ou ventes, qui constitueront ensuite une base pour des pr\u00e9visions conditionnelles. Au sein du Laboratoire Painlev\u00e9 et d&#8217;Inria, des travaux de recherche matures, c&#8217;est-\u00e0-dire publi\u00e9s au niveau acad\u00e9mique et test\u00e9s sur de v\u00e9ritables probl\u00e9matiques r\u00e9elles, ont \u00e9t\u00e9 d\u00e9velopp\u00e9s sous forme de packages ou logiciels. C&#8217;est le cas de MixMod et MixtComp, tous deux d\u00e9di\u00e9s \u00e0 la classification dans des cadres l\u00e9g\u00e8rement diff\u00e9rents.<\/p>\n<p>Le laboratoire Paul Painlev\u00e9 et Inria ont alors conclu des contrats de recherche pour des pr\u00e9visions de vente avec les soci\u00e9t\u00e9s Cylande (2015\/2016) et Rouge Gorge (2014\/2015) en s&#8217;appuyant sur les deux logiciels que sont MixMod et MixtComp.<\/p>\n<p><img loading=\"lazy\" decoding=\"async\" class=\" wp-image-250 aligncenter\" src=\"https:\/\/cime.math.cnrs.fr\/wp-content\/uploads\/2017\/05\/classif-300x133.jpg\" alt=\"\" width=\"383\" height=\"170\" srcset=\"https:\/\/cime.math.cnrs.fr\/wp-content\/uploads\/2017\/05\/classif-300x133.jpg 300w, https:\/\/cime.math.cnrs.fr\/wp-content\/uploads\/2017\/05\/classif.jpg 635w\" sizes=\"auto, (max-width: 383px) 100vw, 383px\" \/><\/p>\n<h4>Quelques publications<\/h4>\n<p>[1] R. Lebret, S. Iovleff, F. Langrognet, C. Biernacki, G. Celeux, G. Govaert. <a href=\"https:\/\/hal.archives-ouvertes.fr\/hal-00919486\">Rmixmod: The R Package of the Model-Based Unsupervised, Supervised and Semi-Supervised Classification Mixmod Library<\/a> . Journal of Statistical Software, 2015, forthcoming.<\/p>\n<p>[2] C. Biernacki, T. Deregnaucourt, V. Kubicki. <a href=\"https:\/\/hal.archives-ouvertes.fr\/hal-01249829\">Model-based clustering with mixed\/missing data using the new software MixtComp<\/a> . CMStatistics 2015 (ERCIM 2015), London, United Kingdom, December 2015.<\/p>\n<h4>Package\/logiciel<\/h4>\n<p>Le logiciel MixMod peut \u00eatre t\u00e9l\u00e9charg\u00e9 sous forme d&#8217;un package R <a href=\"https:\/\/cran.r-project.org\/web\/packages\/Rmixmod\/index.html\">ici<\/a> sur le site du CRAN.<\/p>\n<p>Le logiciel MixtComp est disponible en ligne (mode SaaS) <a href=\"https:\/\/modal-research.lille.inria.fr\/BigStat\/\">ici<\/a>.<\/p>\n<h4>Contact<\/h4>\n<p>Serge IOVLEFF : <a href=\"mailto:christophe.biernacki@math.univ-lille1.fr\">serge.iovleff[AT]math.univ-lille1.fr<\/a><\/p>\n","protected":false},"excerpt":{"rendered":"<p>Classification de donn\u00e9es complexes Application \u00e0 des pr\u00e9visions de ventes Collaboration avec Cylande, Roubaix Rouge Gorge, Neuville en Ferrain Le projet La probl\u00e9matique des pr\u00e9visions de ventes est r\u00e9currente dans le secteur du commerce. Il existe aujourd&#8217;hui de gros volumes de donn\u00e9es archivant les historiques de vente m\u00e9langeant des descripteurs de nature complexe : indexation &hellip; <a href=\"https:\/\/cime.math.cnrs.fr\/index.php\/cylande-rouge-gorge\/\" class=\"more-link\">Continue reading <span class=\"screen-reader-text\">Cylande &#8211; Rouge Gorge<\/span><\/a><\/p>\n","protected":false},"author":1,"featured_media":0,"parent":0,"menu_order":0,"comment_status":"closed","ping_status":"closed","template":"","meta":{"footnotes":""},"class_list":["post-245","page","type-page","status-publish","hentry"],"_links":{"self":[{"href":"https:\/\/cime.math.cnrs.fr\/index.php\/wp-json\/wp\/v2\/pages\/245","targetHints":{"allow":["GET"]}}],"collection":[{"href":"https:\/\/cime.math.cnrs.fr\/index.php\/wp-json\/wp\/v2\/pages"}],"about":[{"href":"https:\/\/cime.math.cnrs.fr\/index.php\/wp-json\/wp\/v2\/types\/page"}],"author":[{"embeddable":true,"href":"https:\/\/cime.math.cnrs.fr\/index.php\/wp-json\/wp\/v2\/users\/1"}],"replies":[{"embeddable":true,"href":"https:\/\/cime.math.cnrs.fr\/index.php\/wp-json\/wp\/v2\/comments?post=245"}],"version-history":[{"count":3,"href":"https:\/\/cime.math.cnrs.fr\/index.php\/wp-json\/wp\/v2\/pages\/245\/revisions"}],"predecessor-version":[{"id":251,"href":"https:\/\/cime.math.cnrs.fr\/index.php\/wp-json\/wp\/v2\/pages\/245\/revisions\/251"}],"wp:attachment":[{"href":"https:\/\/cime.math.cnrs.fr\/index.php\/wp-json\/wp\/v2\/media?parent=245"}],"curies":[{"name":"wp","href":"https:\/\/api.w.org\/{rel}","templated":true}]}}