{"id":205,"date":"2017-05-20T17:57:13","date_gmt":"2017-05-20T17:57:13","guid":{"rendered":"https:\/\/cime.math.cnrs.fr\/?page_id=205"},"modified":"2017-05-20T18:00:51","modified_gmt":"2017-05-20T18:00:51","slug":"edf-areva","status":"publish","type":"page","link":"https:\/\/cime.math.cnrs.fr\/index.php\/edf-areva\/","title":{"rendered":"EDF-AREVA"},"content":{"rendered":"<h4 style=\"text-align: center;\">Math\u00e9matiques pour le nucl\u00e9aire<\/h4>\n<p><img loading=\"lazy\" decoding=\"async\" class=\" wp-image-208 aligncenter\" src=\"https:\/\/cime.math.cnrs.fr\/wp-content\/uploads\/2017\/05\/Logos-Painleve-Manu-CNRS-300x62.png\" alt=\"\" width=\"494\" height=\"102\" srcset=\"https:\/\/cime.math.cnrs.fr\/wp-content\/uploads\/2017\/05\/Logos-Painleve-Manu-CNRS-300x62.png 300w, https:\/\/cime.math.cnrs.fr\/wp-content\/uploads\/2017\/05\/Logos-Painleve-Manu-CNRS-768x159.png 768w, https:\/\/cime.math.cnrs.fr\/wp-content\/uploads\/2017\/05\/Logos-Painleve-Manu-CNRS-1024x212.png 1024w, https:\/\/cime.math.cnrs.fr\/wp-content\/uploads\/2017\/05\/Logos-Painleve-Manu-CNRS.png 1412w\" sizes=\"auto, (max-width: 494px) 100vw, 494px\" \/><\/p>\n<p style=\"text-align: center;\"><em>Collaboration Laboratoire Paul Painlev\u00e9 &#8211; EDF AREVA, CNRS<\/em><\/p>\n<h4>Description du groupement<\/h4>\n<p>Le groupement de recherche <a href=\"http:\/\/gdr-manu.math.cnrs.fr\/\">Math\u00e9matiques pour le Nucl\u00e9aire<\/a> (GdR MaNu) a \u00e9t\u00e9 cr\u00e9\u00e9 par l&#8217;Institut National pour les Sciences Math\u00e9matiques et leurs Interactions (INSMI, CNRS) en janvier 2016. Son r\u00f4le est de f\u00e9d\u00e9rer la communaut\u00e9 math\u00e9matique fran\u00e7aise travaillant sur des questions ayant trait \u00e0 l&#8217;industrie du nucl\u00e9aire civil. Le GdR MaNu est concern\u00e9 par les questions li\u00e9es au fonctionnement et \u00e0 la s\u00fbret\u00e9 des r\u00e9acteurs \u00e0 eau pressuris\u00e9e, mais aussi par les questions li\u00e9es \u00e0 la gestion des d\u00e9chets radioactifs. Dans le cadre de ce groupe de recherche, des rencontres scientifiques auxquelles participent des acad\u00e9miques et chercheurs d&#8217;EPST (CNRS, Inria), des ing\u00e9nieurs-chercheurs d&#8217;EPIC (CEA, ANDRA, IRSN, BRGM) et industriels (EDF, AREVA) sont organis\u00e9es chaque ann\u00e9e. Ce groupement de recherche est g\u00e9r\u00e9 au laboratoire Paul Painlev\u00e9 depuis sa cr\u00e9ation.<\/p>\n<h4>Page web et liste de diffusion<\/h4>\n<p>Des informations compl\u00e9mentaires sont disponibles sur <a href=\"http:\/\/gdr-manu.math.cnrs.fr\/\">la page du GdR MaNu<\/a>. Une <a href=\"https:\/\/listes.mathrice.fr\/math.cnrs.fr\/subscribe\/gdr-manu\">liste de diffusion<\/a> permet de transmettre des annonces d&#8217;emploi, d&#8217;appels d&#8217;offres, de conf\u00e9rences&#8230;<\/p>\n<h4>Contact<\/h4>\n<p>Cl\u00e9ment CANCES : <a href=\"mailto:clement.cances@inria.fr\">clement.cances[AT]inria.fr<\/a><\/p>\n","protected":false},"excerpt":{"rendered":"<p>Math\u00e9matiques pour le nucl\u00e9aire Collaboration Laboratoire Paul Painlev\u00e9 &#8211; EDF AREVA, CNRS Description du groupement Le groupement de recherche Math\u00e9matiques pour le Nucl\u00e9aire (GdR MaNu) a \u00e9t\u00e9 cr\u00e9\u00e9 par l&#8217;Institut National pour les Sciences Math\u00e9matiques et leurs Interactions (INSMI, CNRS) en janvier 2016. Son r\u00f4le est de f\u00e9d\u00e9rer la communaut\u00e9 math\u00e9matique fran\u00e7aise travaillant sur des &hellip; <a href=\"https:\/\/cime.math.cnrs.fr\/index.php\/edf-areva\/\" class=\"more-link\">Continue reading <span class=\"screen-reader-text\">EDF-AREVA<\/span><\/a><\/p>\n","protected":false},"author":1,"featured_media":0,"parent":0,"menu_order":0,"comment_status":"closed","ping_status":"closed","template":"","meta":{"footnotes":""},"class_list":["post-205","page","type-page","status-publish","hentry"],"_links":{"self":[{"href":"https:\/\/cime.math.cnrs.fr\/index.php\/wp-json\/wp\/v2\/pages\/205","targetHints":{"allow":["GET"]}}],"collection":[{"href":"https:\/\/cime.math.cnrs.fr\/index.php\/wp-json\/wp\/v2\/pages"}],"about":[{"href":"https:\/\/cime.math.cnrs.fr\/index.php\/wp-json\/wp\/v2\/types\/page"}],"author":[{"embeddable":true,"href":"https:\/\/cime.math.cnrs.fr\/index.php\/wp-json\/wp\/v2\/users\/1"}],"replies":[{"embeddable":true,"href":"https:\/\/cime.math.cnrs.fr\/index.php\/wp-json\/wp\/v2\/comments?post=205"}],"version-history":[{"count":2,"href":"https:\/\/cime.math.cnrs.fr\/index.php\/wp-json\/wp\/v2\/pages\/205\/revisions"}],"predecessor-version":[{"id":209,"href":"https:\/\/cime.math.cnrs.fr\/index.php\/wp-json\/wp\/v2\/pages\/205\/revisions\/209"}],"wp:attachment":[{"href":"https:\/\/cime.math.cnrs.fr\/index.php\/wp-json\/wp\/v2\/media?parent=205"}],"curies":[{"name":"wp","href":"https:\/\/api.w.org\/{rel}","templated":true}]}}