{"id":196,"date":"2017-05-20T17:44:45","date_gmt":"2017-05-20T17:44:45","guid":{"rendered":"https:\/\/cime.math.cnrs.fr\/?page_id=196"},"modified":"2017-05-20T17:48:16","modified_gmt":"2017-05-20T17:48:16","slug":"edf-rd","status":"publish","type":"page","link":"https:\/\/cime.math.cnrs.fr\/index.php\/edf-rd\/","title":{"rendered":"EDF R&#038;D"},"content":{"rendered":"<h4 style=\"text-align: center;\">Estimateurs a posteriori pour l&#8217;\u00e9lectromagn\u00e9tisme<\/h4>\n<p><img loading=\"lazy\" decoding=\"async\" class=\" wp-image-199 aligncenter\" src=\"https:\/\/cime.math.cnrs.fr\/wp-content\/uploads\/2017\/05\/Logos-Painleve-LAMAV-EDF-300x64.png\" alt=\"\" width=\"469\" height=\"100\" srcset=\"https:\/\/cime.math.cnrs.fr\/wp-content\/uploads\/2017\/05\/Logos-Painleve-LAMAV-EDF-300x64.png 300w, https:\/\/cime.math.cnrs.fr\/wp-content\/uploads\/2017\/05\/Logos-Painleve-LAMAV-EDF-768x165.png 768w, https:\/\/cime.math.cnrs.fr\/wp-content\/uploads\/2017\/05\/Logos-Painleve-LAMAV-EDF-1024x220.png 1024w, https:\/\/cime.math.cnrs.fr\/wp-content\/uploads\/2017\/05\/Logos-Painleve-LAMAV-EDF.png 1444w\" sizes=\"auto, (max-width: 469px) 100vw, 469px\" \/><\/p>\n<p style=\"text-align: center;\"><em>Collaboration Laboratoire Paul Painlev\u00e9 et LAMAV &#8211; EDF R&amp;D Clamart<\/em><\/p>\n<h4>Le projet<\/h4>\n<p>Le laboratoire Paul Painlev\u00e9\u00a0 collabore depuis 2008 avec EDF R&amp;D sur le d\u00e9veloppement d&#8217;estimateurs d&#8217;erreur a posteriori en \u00e9l\u00e9ments finis. Ces outils num\u00e9riques sont destin\u00e9s \u00e0 am\u00e9liorer la pr\u00e9cision des calculs pour la simulation de champs \u00e9lectromagn\u00e9tiques en r\u00e9gime basse fr\u00e9quence. Ce travail, r\u00e9alis\u00e9 en partenariat avec le Laboratoire d&#8217;Electrotechnique et d&#8217;Electronique de Puissance de Lille (L2EP) et le laboratoire de Math\u00e9matiques et Applications de Valenciennes (LAMAV), s&#8217;est concr\u00e9tis\u00e9 jusque maintenant par 2 th\u00e8ses CIFRE. Outre l&#8217;obtention de nouveaux r\u00e9sultats th\u00e9oriques n\u00e9cessaires pour garantir la robustesse de l&#8217;approche, les estimateurs obtenus ont \u00e9t\u00e9 impl\u00e9ment\u00e9s dans le code de calcul industriel CARMEL_3D et test\u00e9s sur diverses configurations. L&#8217;une des applications particuli\u00e8rement vis\u00e9e concerne le contr\u00f4le non destructif, destin\u00e9 ici \u00e0 d\u00e9celer d&#8217;\u00e9ventuelles anomalies au coeur des r\u00e9acteurs nucl\u00e9aires.<\/p>\n<p><img loading=\"lazy\" decoding=\"async\" class=\" wp-image-200 aligncenter\" src=\"https:\/\/cime.math.cnrs.fr\/wp-content\/uploads\/2017\/05\/courant_induit-267x300.png\" alt=\"\" width=\"220\" height=\"247\" srcset=\"https:\/\/cime.math.cnrs.fr\/wp-content\/uploads\/2017\/05\/courant_induit-267x300.png 267w, https:\/\/cime.math.cnrs.fr\/wp-content\/uploads\/2017\/05\/courant_induit.png 603w\" sizes=\"auto, (max-width: 220px) 100vw, 220px\" \/><\/p>\n<h4>Quelques publications<\/h4>\n<p>[1] E. Creus\u00e9, S. Nicaise and R. Tittarelli. <a href=\"https:\/\/hal.archives-ouvertes.fr\/hal-01110258\">A guaranteed equilibrated error estimator for the A\/Phi and T\/Omega magnetodynamic harmonic formulations of the Maxwell system<\/a>. Submitted.<\/p>\n<p>[2] E. Creus\u00e9, S. Nicaise and R. Tittarelli. <a href=\"http:\/\/www.degruyter.com\/view\/j\/cmam.2014.14.issue-4\/cmam-2014-0015\/cmam-2014-0015.xml?format=INT\">Space-time residual-based a posteriori estimators for the A\/Phi magnetodynamic formulation of the Maxwell system<\/a>. Computational Methods in Applied Mathematics, vol 14, no 4, pp 429-460, 2014.<\/p>\n<p>[3] E. Creus\u00e9, S. Nicaise, Z. Tang, Y. Le Menach, N. Nemitz and F. Piriou. <a href=\"http:\/\/www.worldscientific.com\/doi\/abs\/10.1142\/S021820251150028X\">Residual-based a posteriori estimators for the A\/Phi magnetodynamic harmonic formulation of the Maxwell system<\/a>, Mathematical Models and Methods in Applied Sciences, vol 22, no 5, 2012.<\/p>\n<h4>Code de calcul<\/h4>\n<p>La page d\u00e9di\u00e9e \u00e0 <a href=\"http:\/\/chercheurs.edf.com\/logiciels\/code-carmel3d-41196.html\">CARMEL_3D<\/a>, code de calcul d\u00e9velopp\u00e9 au <a href=\"http:\/\/www.pole-medee.com\/partenaire\/lamel\/\">LAMEL<\/a>.<\/p>\n<h4>Contacts<\/h4>\n<p>Emmanuel CREUS\u00c9 : <a href=\"mailto:emmanuel.creuse@math.univ-lille1.fr\">emmanuel.creuse[AT]math.univ-lille1.fr<\/a><\/p>\n<p>Serge NICAISE : serge.nicaise[AT]univ-valenciennes.fr<\/p>\n<p>&nbsp;<\/p>\n","protected":false},"excerpt":{"rendered":"<p>Estimateurs a posteriori pour l&#8217;\u00e9lectromagn\u00e9tisme Collaboration Laboratoire Paul Painlev\u00e9 et LAMAV &#8211; EDF R&amp;D Clamart Le projet Le laboratoire Paul Painlev\u00e9\u00a0 collabore depuis 2008 avec EDF R&amp;D sur le d\u00e9veloppement d&#8217;estimateurs d&#8217;erreur a posteriori en \u00e9l\u00e9ments finis. Ces outils num\u00e9riques sont destin\u00e9s \u00e0 am\u00e9liorer la pr\u00e9cision des calculs pour la simulation de champs \u00e9lectromagn\u00e9tiques en &hellip; <a href=\"https:\/\/cime.math.cnrs.fr\/index.php\/edf-rd\/\" class=\"more-link\">Continue reading <span class=\"screen-reader-text\">EDF R&#038;D<\/span><\/a><\/p>\n","protected":false},"author":1,"featured_media":0,"parent":0,"menu_order":0,"comment_status":"closed","ping_status":"closed","template":"","meta":{"footnotes":""},"class_list":["post-196","page","type-page","status-publish","hentry"],"_links":{"self":[{"href":"https:\/\/cime.math.cnrs.fr\/index.php\/wp-json\/wp\/v2\/pages\/196","targetHints":{"allow":["GET"]}}],"collection":[{"href":"https:\/\/cime.math.cnrs.fr\/index.php\/wp-json\/wp\/v2\/pages"}],"about":[{"href":"https:\/\/cime.math.cnrs.fr\/index.php\/wp-json\/wp\/v2\/types\/page"}],"author":[{"embeddable":true,"href":"https:\/\/cime.math.cnrs.fr\/index.php\/wp-json\/wp\/v2\/users\/1"}],"replies":[{"embeddable":true,"href":"https:\/\/cime.math.cnrs.fr\/index.php\/wp-json\/wp\/v2\/comments?post=196"}],"version-history":[{"count":3,"href":"https:\/\/cime.math.cnrs.fr\/index.php\/wp-json\/wp\/v2\/pages\/196\/revisions"}],"predecessor-version":[{"id":202,"href":"https:\/\/cime.math.cnrs.fr\/index.php\/wp-json\/wp\/v2\/pages\/196\/revisions\/202"}],"wp:attachment":[{"href":"https:\/\/cime.math.cnrs.fr\/index.php\/wp-json\/wp\/v2\/media?parent=196"}],"curies":[{"name":"wp","href":"https:\/\/api.w.org\/{rel}","templated":true}]}}